{"id":52,"date":"2020-10-07T12:17:39","date_gmt":"2020-10-07T10:17:39","guid":{"rendered":"http:\/\/192.168.100.98\/?page_id=52"},"modified":"2020-10-07T12:17:39","modified_gmt":"2020-10-07T10:17:39","slug":"paedagogik","status":"publish","type":"page","link":"https:\/\/wp3.kgsblumenthal.de\/?page_id=52","title":{"rendered":"P\u00e4dagogik"},"content":{"rendered":"\n<p><strong>Uns ist besonders wichtig:<\/strong><\/p>\n\n\n\n<p>Ein respekt- und vertrauensvoller sowie wertsch\u00e4tzender Umgang miteinander (Anti Bullying).<\/p>\n\n\n\n<p>Die Grundschule vermittelt Grundlagen der Bildung. Die Kinder erlernen diese in frontalen Unterrichtsformen als auch in offenen Unterrichtssituationen. Was sich zun\u00e4chst auszuschlie\u00dfen scheint, ist besser als eine \u201egesunden Mischung\u201c zu sehen.<\/p>\n\n\n\n<ol class=\"wp-block-list\"><li>Frontalunterricht:<ul><li>Die Sch\u00fcler lernen alle zur gleichen Zeit und auf gleichen Wegen dieselben Inhalte. Der Lehrer legt die Ziele fest und gliedert den Ablauf.<\/li><\/ul>&nbsp; <em>Offene Unterrichtsformen:<\/em><ul><li>Gruppen- und Partnerarbeit<\/li><li>Arbeitsplan-Arbeit<\/li><li>Werkstattarbeit<\/li><li>Projekte<\/li><li>Stillarbeit<\/li><\/ul>&nbsp; <strong>So k\u00f6nnen gemeinsam neue Inhalte erarbeitet werden und die Sch\u00fcler anschlie\u00dfend differenziert gef\u00f6rdert und gefordert werden!<\/strong> &nbsp; <strong>Leits\u00e4tze:<\/strong><ol><li>Wir statten unsere Sch\u00fcler mit einem Rucksack voll solidem Grundwissen aus und schicken sie als lebensoffene, teamf\u00e4hige, selbst\u00e4ndige und neugierige junge Menschen an die weiterf\u00fchrenden Schulen.<\/li><li>Mit offenen Unterrichtsformen, Neigungsunterricht, Anti-Bullying-Programm und unseren allj\u00e4hrlichen traditionellen Veranstaltungen und Projekten, die k\u00fcnsterlisch und kreativ gepr\u00e4gt sind, begeistern wir unsere Sch\u00fcler und Eltern.<\/li><li>Die Kooperation unserer Schule mit \u00f6ffentlichen Einrichtungen des Ortes, der Gemeinde und des Kreises ist wesentlicher Bestandteil unserer erfolgreichen Arbeit.<\/li><li>Der reibungslose Ablauf des Schulalltags ist gekennzeichnet durch eine konkrete Verteilung der Verantwortungsbereiche unter den Kollegen, die auch \u00fcber den Unterricht hinaus, unter F\u00fchrung des Schulleiters Mitverantwortung tragen.<\/li><\/ol><\/li><\/ol>\n","protected":false},"excerpt":{"rendered":"<p>Uns ist besonders wichtig: Ein respekt- und vertrauensvoller sowie wertsch\u00e4tzender Umgang miteinander (Anti Bullying). Die Grundschule vermittelt Grundlagen der Bildung. Die Kinder erlernen diese in frontalen Unterrichtsformen als auch in offenen Unterrichtssituationen. Was sich zun\u00e4chst auszuschlie\u00dfen scheint, ist besser als&hellip; <\/p>\n","protected":false},"author":2,"featured_media":0,"parent":0,"menu_order":0,"comment_status":"closed","ping_status":"closed","template":"","meta":{"footnotes":""},"class_list":["post-52","page","type-page","status-publish","hentry"],"_links":{"self":[{"href":"https:\/\/wp3.kgsblumenthal.de\/index.php?rest_route=\/wp\/v2\/pages\/52","targetHints":{"allow":["GET"]}}],"collection":[{"href":"https:\/\/wp3.kgsblumenthal.de\/index.php?rest_route=\/wp\/v2\/pages"}],"about":[{"href":"https:\/\/wp3.kgsblumenthal.de\/index.php?rest_route=\/wp\/v2\/types\/page"}],"author":[{"embeddable":true,"href":"https:\/\/wp3.kgsblumenthal.de\/index.php?rest_route=\/wp\/v2\/users\/2"}],"replies":[{"embeddable":true,"href":"https:\/\/wp3.kgsblumenthal.de\/index.php?rest_route=%2Fwp%2Fv2%2Fcomments&post=52"}],"version-history":[{"count":0,"href":"https:\/\/wp3.kgsblumenthal.de\/index.php?rest_route=\/wp\/v2\/pages\/52\/revisions"}],"wp:attachment":[{"href":"https:\/\/wp3.kgsblumenthal.de\/index.php?rest_route=%2Fwp%2Fv2%2Fmedia&parent=52"}],"curies":[{"name":"wp","href":"https:\/\/api.w.org\/{rel}","templated":true}]}}