{"id":62,"date":"2020-10-07T12:21:28","date_gmt":"2020-10-07T10:21:28","guid":{"rendered":"http:\/\/192.168.100.98\/?page_id=62"},"modified":"2021-04-21T09:26:32","modified_gmt":"2021-04-21T09:26:32","slug":"willkommen","status":"publish","type":"page","link":"https:\/\/wp3.kgsblumenthal.de\/","title":{"rendered":"Willkommen"},"content":{"rendered":"\n<p><\/p>\n\n\n\n<div class=\"wp-block-group\"><div class=\"wp-block-group__inner-container is-layout-flow wp-block-group-is-layout-flow\">\n<p>Die Kleine Grundschule Blumenthal ist eine im Gr\u00fcnen am Bach gelegene gem\u00fctliche Schule.<\/p>\n\n\n\n<p>Sie befindet sich im Nordwesten des Bundeslandes Brandenburg im Landkreis Ostprignitz-Ruppin und dort in der Gemeinde Heiligengrabe.<\/p>\n\n\n\n<p>Wir m\u00f6chten Euch \/ Ihnen hier Informationen \u00fcber unsere Schule geben, zum Beispiel \u00fcber die P\u00e4dagogik, Veranstaltungen, Klassen und anderes mehr.<\/p>\n\n\n\n<p>Wir w\u00fcnschen viel Spa\u00df beim St\u00f6bern und Lesen!<\/p>\n<\/div><\/div>\n\n\n\n<p class=\"has-text-align-center\"><em>-Die Kinder und Lehrer der Kleinen Grundschule Blumenthal-<\/em><\/p>\n\n\n\n<p><\/p>\n\n\n\n<div class=\"alignnormal\"><!-- MetaSlider 329 not found --><\/div>\n\n\n\n<p><\/p>\n","protected":false},"excerpt":{"rendered":"<p>Die Kleine Grundschule Blumenthal ist eine im Gr\u00fcnen am Bach gelegene gem\u00fctliche Schule. Sie befindet sich im Nordwesten des Bundeslandes Brandenburg im Landkreis Ostprignitz-Ruppin und dort in der Gemeinde Heiligengrabe. Wir m\u00f6chten Euch \/ Ihnen hier Informationen \u00fcber unsere Schule&hellip; <\/p>\n","protected":false},"author":2,"featured_media":0,"parent":0,"menu_order":0,"comment_status":"closed","ping_status":"closed","template":"","meta":{"footnotes":""},"class_list":["post-62","page","type-page","status-publish","hentry"],"_links":{"self":[{"href":"https:\/\/wp3.kgsblumenthal.de\/index.php?rest_route=\/wp\/v2\/pages\/62","targetHints":{"allow":["GET"]}}],"collection":[{"href":"https:\/\/wp3.kgsblumenthal.de\/index.php?rest_route=\/wp\/v2\/pages"}],"about":[{"href":"https:\/\/wp3.kgsblumenthal.de\/index.php?rest_route=\/wp\/v2\/types\/page"}],"author":[{"embeddable":true,"href":"https:\/\/wp3.kgsblumenthal.de\/index.php?rest_route=\/wp\/v2\/users\/2"}],"replies":[{"embeddable":true,"href":"https:\/\/wp3.kgsblumenthal.de\/index.php?rest_route=%2Fwp%2Fv2%2Fcomments&post=62"}],"version-history":[{"count":2,"href":"https:\/\/wp3.kgsblumenthal.de\/index.php?rest_route=\/wp\/v2\/pages\/62\/revisions"}],"predecessor-version":[{"id":1420,"href":"https:\/\/wp3.kgsblumenthal.de\/index.php?rest_route=\/wp\/v2\/pages\/62\/revisions\/1420"}],"wp:attachment":[{"href":"https:\/\/wp3.kgsblumenthal.de\/index.php?rest_route=%2Fwp%2Fv2%2Fmedia&parent=62"}],"curies":[{"name":"wp","href":"https:\/\/api.w.org\/{rel}","templated":true}]}}