{"id":704,"date":"2021-01-08T10:01:59","date_gmt":"2021-01-08T09:01:59","guid":{"rendered":"http:\/\/wp2.kgsblumenthal.de\/?page_id=704"},"modified":"2021-01-08T10:01:59","modified_gmt":"2021-01-08T09:01:59","slug":"kgsb-schulcloud-tutorial-video-autoplaytrue","status":"publish","type":"page","link":"https:\/\/wp3.kgsblumenthal.de\/?page_id=704","title":{"rendered":"KGSB Schulcloud Tutorial Video"},"content":{"rendered":"\n<p>Liebe Sch\u00fcler*innen und Eltern hier haben wir ein kleines erstes Video, wir wir mit unserer Cloud arbeiten k\u00f6nnen. Viel Erfolg, eure Lehrkr\u00e4fte!<\/p>\n\n\n\n<figure class=\"wp-block-video\"><video height=\"1032\" style=\"aspect-ratio: 1920 \/ 1032;\" width=\"1920\" controls src=\"http:\/\/192.168.100.105\/wp-content\/uploads\/2021\/01\/kgsbcloudtutorial.mp4\"><\/video><\/figure>\n","protected":false},"excerpt":{"rendered":"<p>Liebe Sch\u00fcler*innen und Eltern hier haben wir ein kleines erstes Video, wir wir mit unserer Cloud arbeiten k\u00f6nnen. Viel Erfolg, eure Lehrkr\u00e4fte!<\/p>\n","protected":false},"author":2,"featured_media":0,"parent":0,"menu_order":0,"comment_status":"closed","ping_status":"closed","template":"","meta":{"footnotes":""},"class_list":["post-704","page","type-page","status-publish","hentry"],"_links":{"self":[{"href":"https:\/\/wp3.kgsblumenthal.de\/index.php?rest_route=\/wp\/v2\/pages\/704","targetHints":{"allow":["GET"]}}],"collection":[{"href":"https:\/\/wp3.kgsblumenthal.de\/index.php?rest_route=\/wp\/v2\/pages"}],"about":[{"href":"https:\/\/wp3.kgsblumenthal.de\/index.php?rest_route=\/wp\/v2\/types\/page"}],"author":[{"embeddable":true,"href":"https:\/\/wp3.kgsblumenthal.de\/index.php?rest_route=\/wp\/v2\/users\/2"}],"replies":[{"embeddable":true,"href":"https:\/\/wp3.kgsblumenthal.de\/index.php?rest_route=%2Fwp%2Fv2%2Fcomments&post=704"}],"version-history":[{"count":0,"href":"https:\/\/wp3.kgsblumenthal.de\/index.php?rest_route=\/wp\/v2\/pages\/704\/revisions"}],"wp:attachment":[{"href":"https:\/\/wp3.kgsblumenthal.de\/index.php?rest_route=%2Fwp%2Fv2%2Fmedia&parent=704"}],"curies":[{"name":"wp","href":"https:\/\/api.w.org\/{rel}","templated":true}]}}